{"id":14,"date":"2019-12-20T21:21:53","date_gmt":"2019-12-20T21:21:53","guid":{"rendered":"https:\/\/www.capricare.eu\/?page_id=14"},"modified":"2022-01-18T01:20:02","modified_gmt":"2022-01-18T01:20:02","slug":"os-nossos-produtos","status":"publish","type":"page","link":"https:\/\/www.capricare.pt\/hcp\/os-nossos-produtos\/","title":{"rendered":"Os nossos produtos"},"content":{"rendered":"<!-- Added by Post\/Page Specific Custom Code plugin, thank you for using! -->\n<style>#product-1-hcp .nectar-button {width: 100%;text-align: center;margin-top:20px}\r\n#product-2-hcp .nectar-button {width: 100%;text-align: center;margin-top:20px}\r\n#product-3-hcp .nectar-button {width: 100%;text-align: center;margin-top:20px}<\/style>\n[vc_row type=&#8221;full_width_content&#8221; full_screen_row_position=&#8221;middle&#8221; column_margin=&#8221;default&#8221; scene_position=&#8221;center&#8221; text_color=&#8221;dark&#8221; text_align=&#8221;left&#8221; id=&#8221;bread-note&#8221; overlay_strength=&#8221;0.3&#8243; shape_divider_position=&#8221;bottom&#8221; bg_image_animation=&#8221;none&#8221; shape_type=&#8221;&#8221;][vc_column column_padding=&#8221;no-extra-padding&#8221; column_padding_position=&#8221;all&#8221; background_color_opacity=&#8221;1&#8243; background_hover_color_opacity=&#8221;1&#8243; column_link_target=&#8221;_self&#8221; column_shadow=&#8221;none&#8221; column_border_radius=&#8221;none&#8221; width=&#8221;1\/1&#8243; tablet_width_inherit=&#8221;default&#8221; tablet_text_alignment=&#8221;default&#8221; phone_text_alignment=&#8221;default&#8221; overlay_strength=&#8221;0.3&#8243; column_border_width=&#8221;none&#8221; column_border_style=&#8221;solid&#8221; bg_image_animation=&#8221;none&#8221;][divider line_type=&#8221;No Line&#8221; custom_height=&#8221;20&#8243;][vc_column_text el_class=&#8221;note&#8221;]Os nossos produtos[\/vc_column_text][\/vc_column][\/vc_row][vc_row type=&#8221;full_width_background&#8221; full_screen_row_position=&#8221;middle&#8221; column_margin=&#8221;default&#8221; scene_position=&#8221;center&#8221; text_color=&#8221;dark&#8221; text_align=&#8221;left&#8221; id=&#8221;our-products&#8221; overlay_strength=&#8221;0.3&#8243; shape_divider_position=&#8221;bottom&#8221; bg_image_animation=&#8221;none&#8221; shape_type=&#8221;&#8221;][vc_column column_padding=&#8221;no-extra-padding&#8221; column_padding_position=&#8221;all&#8221; background_color_opacity=&#8221;1&#8243; background_hover_color_opacity=&#8221;1&#8243; column_link_target=&#8221;_self&#8221; column_shadow=&#8221;none&#8221; column_border_radius=&#8221;none&#8221; width=&#8221;1\/1&#8243; tablet_width_inherit=&#8221;default&#8221; tablet_text_alignment=&#8221;default&#8221; phone_text_alignment=&#8221;default&#8221; overlay_strength=&#8221;0.3&#8243; column_border_width=&#8221;none&#8221; column_border_style=&#8221;solid&#8221; bg_image_animation=&#8221;none&#8221;][vc_row_inner content_placement=&#8221;top&#8221; column_margin=&#8221;default&#8221; text_align=&#8221;left&#8221; el_id=&#8221;our-products-in2&#8243;][vc_column_inner column_padding=&#8221;no-extra-padding&#8221; column_padding_position=&#8221;all&#8221; background_color_opacity=&#8221;1&#8243; background_hover_color_opacity=&#8221;1&#8243; column_shadow=&#8221;none&#8221; column_border_radius=&#8221;none&#8221; column_link_target=&#8221;_self&#8221; width=&#8221;1\/2&#8243; tablet_width_inherit=&#8221;default&#8221; overlay_strength=&#8221;0.3&#8243; column_border_width=&#8221;none&#8221; column_border_style=&#8221;solid&#8221; bg_image_animation=&#8221;none&#8221;][vc_column_text]\n<h1>Descubra os<br \/>\nnossos <strong>produtos<\/strong><\/h1>\n[\/vc_column_text][\/vc_column_inner][vc_column_inner column_padding=&#8221;no-extra-padding&#8221; column_padding_position=&#8221;all&#8221; background_color_opacity=&#8221;1&#8243; background_hover_color_opacity=&#8221;1&#8243; column_shadow=&#8221;none&#8221; column_border_radius=&#8221;none&#8221; column_link_target=&#8221;_self&#8221; width=&#8221;1\/2&#8243; tablet_width_inherit=&#8221;default&#8221; overlay_strength=&#8221;0.3&#8243; column_border_width=&#8221;none&#8221; column_border_style=&#8221;solid&#8221; bg_image_animation=&#8221;none&#8221;][\/vc_column_inner][\/vc_row_inner][\/vc_column][\/vc_row][vc_row type=&#8221;full_width_background&#8221; full_screen_row_position=&#8221;middle&#8221; column_margin=&#8221;default&#8221; scene_position=&#8221;center&#8221; text_color=&#8221;dark&#8221; text_align=&#8221;left&#8221; class=&#8221;our-product-header&#8221; overlay_strength=&#8221;0.3&#8243; shape_divider_position=&#8221;bottom&#8221; bg_image_animation=&#8221;none&#8221; shape_type=&#8221;&#8221;][vc_column column_padding=&#8221;no-extra-padding&#8221; column_padding_position=&#8221;all&#8221; background_color_opacity=&#8221;1&#8243; background_hover_color_opacity=&#8221;1&#8243; column_link_target=&#8221;_self&#8221; column_shadow=&#8221;none&#8221; column_border_radius=&#8221;none&#8221; width=&#8221;1\/2&#8243; tablet_width_inherit=&#8221;default&#8221; tablet_text_alignment=&#8221;default&#8221; phone_text_alignment=&#8221;default&#8221; overlay_strength=&#8221;0.3&#8243; column_border_width=&#8221;none&#8221; column_border_style=&#8221;solid&#8221; bg_image_animation=&#8221;none&#8221;][\/vc_column][vc_column column_padding=&#8221;no-extra-padding&#8221; column_padding_position=&#8221;all&#8221; background_color_opacity=&#8221;1&#8243; background_hover_color_opacity=&#8221;1&#8243; column_link_target=&#8221;_self&#8221; column_shadow=&#8221;none&#8221; column_border_radius=&#8221;none&#8221; width=&#8221;1\/2&#8243; tablet_width_inherit=&#8221;default&#8221; tablet_text_alignment=&#8221;default&#8221; phone_text_alignment=&#8221;default&#8221; overlay_strength=&#8221;0.3&#8243; column_border_width=&#8221;none&#8221; column_border_style=&#8221;solid&#8221; bg_image_animation=&#8221;none&#8221;][image_with_animation image_url=&#8221;401&#8243; alignment=&#8221;&#8221; animation=&#8221;Fade In From Right&#8221; hover_animation=&#8221;none&#8221; border_radius=&#8221;none&#8221; box_shadow=&#8221;none&#8221; image_loading=&#8221;default&#8221; max_width=&#8221;100%&#8221; max_width_mobile=&#8221;default&#8221; el_class=&#8221;hcp-products-baby&#8221;][\/vc_column][\/vc_row][vc_row type=&#8221;in_container&#8221; full_screen_row_position=&#8221;middle&#8221; column_margin=&#8221;default&#8221; scene_position=&#8221;center&#8221; text_color=&#8221;dark&#8221; text_align=&#8221;left&#8221; id=&#8221;product-1-hcp&#8221; overlay_strength=&#8221;0.3&#8243; shape_divider_position=&#8221;bottom&#8221; bg_image_animation=&#8221;none&#8221; shape_type=&#8221;&#8221;][vc_column column_padding=&#8221;no-extra-padding&#8221; column_padding_position=&#8221;all&#8221; background_color_opacity=&#8221;1&#8243; background_hover_color_opacity=&#8221;1&#8243; column_link_target=&#8221;_self&#8221; column_shadow=&#8221;none&#8221; column_border_radius=&#8221;none&#8221; width=&#8221;1\/2&#8243; tablet_width_inherit=&#8221;default&#8221; tablet_text_alignment=&#8221;default&#8221; phone_text_alignment=&#8221;default&#8221; overlay_strength=&#8221;0.3&#8243; column_border_width=&#8221;none&#8221; column_border_style=&#8221;solid&#8221; bg_image_animation=&#8221;none&#8221;][image_with_animation image_url=&#8221;967&#8243; alignment=&#8221;right&#8221; animation=&#8221;Fade In From Left&#8221; hover_animation=&#8221;none&#8221; border_radius=&#8221;none&#8221; box_shadow=&#8221;none&#8221; image_loading=&#8221;default&#8221; max_width=&#8221;100%&#8221; max_width_mobile=&#8221;default&#8221; delay=&#8221;200&#8243; el_class=&#8221;stage-one-hcp&#8221; img_link=&#8221;\/hcp\/capricare-1-leite-lactentes-0-6-meses&#8221;][\/vc_column][vc_column column_padding=&#8221;no-extra-padding&#8221; column_padding_position=&#8221;all&#8221; background_color_opacity=&#8221;1&#8243; background_hover_color_opacity=&#8221;1&#8243; column_link_target=&#8221;_self&#8221; column_shadow=&#8221;none&#8221; column_border_radius=&#8221;none&#8221; el_class=&#8221;product-one&#8221; width=&#8221;1\/2&#8243; tablet_width_inherit=&#8221;default&#8221; tablet_text_alignment=&#8221;default&#8221; phone_text_alignment=&#8221;default&#8221; overlay_strength=&#8221;0.3&#8243; column_border_width=&#8221;none&#8221; column_border_style=&#8221;solid&#8221; bg_image_animation=&#8221;none&#8221;][vc_column_text el_class=&#8221;product-1-hcp&#8221;]<span class=\"products-num\">1<\/span><br \/>\n<span class=\"product-text\"><strong>Leite de f\u00f3rmula para beb\u00e9s<\/strong><\/span><br \/>\n<span class=\"product-text\" style=\"margin-bottom: 10px;\">0-6 meses<\/span><br \/>\nO leite de f\u00f3rmula Capricare<sup>\u00ae<\/sup>\u202fbeneficia das propriedades naturais do leite de cabra e est\u00e1 formulado para proporcionar as vitaminas, os minerais e os nutrientes necess\u00e1rios para ser um substituto nutricionalmente completo do leite materno.<\/p>\n<a class=\"nectar-button n-sc-button small accent-color regular-button\"  href=\"\/hcp\/capricare-1-leite-lactentes-0-6-meses\" data-color-override=\"false\" data-hover-color-override=\"false\" data-hover-text-color-override=\"#fff\"><span>Capricare<sup>\u00ae<\/sup> 1 (0-6 meses)<\/span><\/a>[\/vc_column_text][vc_column_text css_animation=&#8221;fadeIn&#8221; el_class=&#8221;hcp-product-line&#8221;]<img decoding=\"async\" loading=\"lazy\" role=\"img\" src=\"\/wp-content\/uploads\/sites\/10\/2020\/01\/about-line-mob1.svg\" alt=\"\" width=\"10\" height=\"100\" \/>[\/vc_column_text][\/vc_column][\/vc_row][vc_row type=&#8221;in_container&#8221; full_screen_row_position=&#8221;middle&#8221; column_margin=&#8221;default&#8221; scene_position=&#8221;center&#8221; text_color=&#8221;dark&#8221; text_align=&#8221;left&#8221; id=&#8221;product-2-hcp&#8221; overlay_strength=&#8221;0.3&#8243; shape_divider_position=&#8221;bottom&#8221; bg_image_animation=&#8221;none&#8221; shape_type=&#8221;&#8221;][vc_column column_padding=&#8221;no-extra-padding&#8221; column_padding_position=&#8221;all&#8221; background_color_opacity=&#8221;1&#8243; background_hover_color_opacity=&#8221;1&#8243; column_link_target=&#8221;_self&#8221; column_shadow=&#8221;none&#8221; column_border_radius=&#8221;none&#8221; width=&#8221;1\/2&#8243; tablet_width_inherit=&#8221;default&#8221; tablet_text_alignment=&#8221;default&#8221; phone_text_alignment=&#8221;default&#8221; overlay_strength=&#8221;0.3&#8243; column_border_width=&#8221;none&#8221; column_border_style=&#8221;solid&#8221; bg_image_animation=&#8221;none&#8221;][image_with_animation image_url=&#8221;964&#8243; alignment=&#8221;right&#8221; animation=&#8221;Fade In From Left&#8221; hover_animation=&#8221;none&#8221; border_radius=&#8221;none&#8221; box_shadow=&#8221;none&#8221; image_loading=&#8221;default&#8221; max_width=&#8221;100%&#8221; max_width_mobile=&#8221;default&#8221; delay=&#8221;200&#8243; el_class=&#8221;stage-two-hcp&#8221; img_link=&#8221;\/hcp\/capricare-2-leite-transicao-6-12-meses&#8221;][\/vc_column][vc_column column_padding=&#8221;no-extra-padding&#8221; column_padding_position=&#8221;all&#8221; background_color_opacity=&#8221;1&#8243; background_hover_color_opacity=&#8221;1&#8243; column_link_target=&#8221;_self&#8221; column_shadow=&#8221;none&#8221; column_border_radius=&#8221;none&#8221; el_class=&#8221;product-one&#8221; width=&#8221;1\/2&#8243; tablet_width_inherit=&#8221;default&#8221; tablet_text_alignment=&#8221;default&#8221; phone_text_alignment=&#8221;default&#8221; overlay_strength=&#8221;0.3&#8243; column_border_width=&#8221;none&#8221; column_border_style=&#8221;solid&#8221; bg_image_animation=&#8221;none&#8221;][vc_column_text el_class=&#8221;product-2-hcp&#8221;]<span class=\"products-num\">2<\/span><br \/>\n<span class=\"product-text\"><strong>Leite de transi\u00e7\u00e3o<\/strong><\/span><br \/>\n<span class=\"product-text\" style=\"margin-bottom: 10px;\">6-12 meses<\/span><br \/>\nO leite de transi\u00e7\u00e3o Capricare<sup>\u00ae<\/sup>\u202fbeneficia das propriedades naturais do leite de cabra. Al\u00e9m disso, est\u00e1 enriquecido com vitaminas e minerais essenciais para complementar a dieta dos beb\u00e9s com mais de seismeses que come\u00e7am com os s\u00f3lidos.<\/p>\n<a class=\"nectar-button n-sc-button small accent-color regular-button\"  href=\"\/hcp\/capricare-2-leite-transicao-6-12-meses\" data-color-override=\"false\" data-hover-color-override=\"false\" data-hover-text-color-override=\"#fff\"><span>Capricare<sup>\u00ae<\/sup> 2 (6-12 meses)<\/span><\/a>[\/vc_column_text][vc_column_text css_animation=&#8221;fadeIn&#8221; el_class=&#8221;hcp-product-line&#8221;]<img decoding=\"async\" loading=\"lazy\" role=\"img\" src=\"\/wp-content\/uploads\/sites\/10\/2020\/01\/about-line-mob1.svg\" alt=\"\" width=\"10\" height=\"100\" \/>[\/vc_column_text][\/vc_column][\/vc_row][vc_row type=&#8221;in_container&#8221; full_screen_row_position=&#8221;middle&#8221; column_margin=&#8221;default&#8221; scene_position=&#8221;center&#8221; text_color=&#8221;dark&#8221; text_align=&#8221;left&#8221; id=&#8221;product-3-hcp&#8221; overlay_strength=&#8221;0.3&#8243; shape_divider_position=&#8221;bottom&#8221; bg_image_animation=&#8221;none&#8221; shape_type=&#8221;&#8221;][vc_column column_padding=&#8221;no-extra-padding&#8221; column_padding_position=&#8221;all&#8221; background_color_opacity=&#8221;1&#8243; background_hover_color_opacity=&#8221;1&#8243; column_link_target=&#8221;_self&#8221; column_shadow=&#8221;none&#8221; column_border_radius=&#8221;none&#8221; width=&#8221;1\/2&#8243; tablet_width_inherit=&#8221;default&#8221; tablet_text_alignment=&#8221;default&#8221; phone_text_alignment=&#8221;default&#8221; overlay_strength=&#8221;0.3&#8243; column_border_width=&#8221;none&#8221; column_border_style=&#8221;solid&#8221; bg_image_animation=&#8221;none&#8221;][image_with_animation image_url=&#8221;961&#8243; alignment=&#8221;right&#8221; animation=&#8221;Fade In From Left&#8221; hover_animation=&#8221;none&#8221; border_radius=&#8221;none&#8221; box_shadow=&#8221;none&#8221; image_loading=&#8221;default&#8221; max_width=&#8221;100%&#8221; max_width_mobile=&#8221;default&#8221; delay=&#8221;200&#8243; el_class=&#8221;stage-three-hcp&#8221; img_link=&#8221;\/hcp\/capricare-3-leite-crescimento-12-meses&#8221;][\/vc_column][vc_column column_padding=&#8221;no-extra-padding&#8221; column_padding_position=&#8221;all&#8221; background_color_opacity=&#8221;1&#8243; background_hover_color_opacity=&#8221;1&#8243; column_link_target=&#8221;_self&#8221; column_shadow=&#8221;none&#8221; column_border_radius=&#8221;none&#8221; el_class=&#8221;product-one&#8221; width=&#8221;1\/2&#8243; tablet_width_inherit=&#8221;default&#8221; tablet_text_alignment=&#8221;default&#8221; phone_text_alignment=&#8221;default&#8221; overlay_strength=&#8221;0.3&#8243; column_border_width=&#8221;none&#8221; column_border_style=&#8221;solid&#8221; bg_image_animation=&#8221;none&#8221;][vc_column_text el_class=&#8221;product-3-hcp&#8221; el_id=&#8221;product-3&#8243;]<span class=\"products-num\">3<\/span><br \/>\n<span class=\"product-text\"><strong>Leite de crescimento<\/strong><\/span><br \/>\n<span class=\"product-text\" style=\"margin-bottom: 10px;\">12- months<\/span><br \/>\nO leite de crescimento Capricare<sup>\u00ae<\/sup>\u202fbeneficia das propriedades naturais do leite de cabra e est\u00e1 enriquecido com vitaminas, minerais e nutrientes necess\u00e1rios para complementar a dieta variada e equilibrada das crian\u00e7as com mais de 12 meses.<\/p>\n<a class=\"nectar-button n-sc-button small accent-color regular-button\"  href=\"\/hcp\/capricare-3-leite-crescimento-12-meses\" data-color-override=\"false\" data-hover-color-override=\"false\" data-hover-text-color-override=\"#fff\"><span>Capricare<sup>\u00ae<\/sup> 3 (+12 meses)<\/span><\/a>[\/vc_column_text][\/vc_column][\/vc_row][vc_row type=&#8221;in_container&#8221; full_screen_row_position=&#8221;middle&#8221; column_margin=&#8221;default&#8221; scene_position=&#8221;center&#8221; text_color=&#8221;dark&#8221; text_align=&#8221;left&#8221; overlay_strength=&#8221;0.3&#8243; shape_divider_position=&#8221;bottom&#8221; bg_image_animation=&#8221;none&#8221;][vc_column column_padding=&#8221;no-extra-padding&#8221; column_padding_position=&#8221;all&#8221; background_color_opacity=&#8221;1&#8243; background_hover_color_opacity=&#8221;1&#8243; column_link_target=&#8221;_self&#8221; column_shadow=&#8221;none&#8221; column_border_radius=&#8221;none&#8221; width=&#8221;1\/1&#8243; tablet_width_inherit=&#8221;default&#8221; tablet_text_alignment=&#8221;default&#8221; phone_text_alignment=&#8221;default&#8221; overlay_strength=&#8221;0.3&#8243; column_border_width=&#8221;none&#8221; column_border_style=&#8221;solid&#8221; bg_image_animation=&#8221;none&#8221;][divider line_type=&#8221;No Line&#8221; custom_height=&#8221;40&#8243;][\/vc_column][\/vc_row][vc_row type=&#8221;full_width_background&#8221; full_screen_row_position=&#8221;middle&#8221; column_margin=&#8221;default&#8221; scene_position=&#8221;center&#8221; text_color=&#8221;dark&#8221; text_align=&#8221;left&#8221; class=&#8221;how-made&#8221; overlay_strength=&#8221;0.3&#8243; shape_divider_position=&#8221;bottom&#8221; bg_image_animation=&#8221;none&#8221; shape_type=&#8221;&#8221;][vc_column column_padding=&#8221;no-extra-padding&#8221; column_padding_position=&#8221;all&#8221; background_color_opacity=&#8221;1&#8243; background_hover_color_opacity=&#8221;1&#8243; font_color=&#8221;#887c66&#8243; column_link_target=&#8221;_self&#8221; column_shadow=&#8221;none&#8221; column_border_radius=&#8221;none&#8221; width=&#8221;1\/1&#8243; tablet_width_inherit=&#8221;default&#8221; tablet_text_alignment=&#8221;default&#8221; phone_text_alignment=&#8221;default&#8221; overlay_strength=&#8221;0.3&#8243; column_border_width=&#8221;none&#8221; column_border_style=&#8221;solid&#8221; bg_image_animation=&#8221;none&#8221;][vc_column_text el_class=&#8221;how-made-text&#8221;]\n<h2>Como \u00e9 fabricado<\/h2>\n<p>Para conhecer mais detalhes sobre o nosso processo e informa\u00e7\u00e3o cient\u00edfica consulte a informa\u00e7\u00e3o da p\u00e1gina O nosso processo.[\/vc_column_text][nectar_btn size=&#8221;medium&#8221; button_style=&#8221;regular&#8221; button_color_2=&#8221;Accent-Color&#8221; icon_family=&#8221;none&#8221; el_class=&#8221;why-learn&#8221; url=&#8221;\/hcp\/o-nosso-processo&#8221; text=&#8221;MAIS INFORMA\u00c7\u00c3O&#8221; margin_top=&#8221;20&#8243;][\/vc_column][\/vc_row]\n","protected":false},"excerpt":{"rendered":"<p>[vc_row type=&#8221;full_width_content&#8221; full_screen_row_position=&#8221;middle&#8221; column_margin=&#8221;default&#8221; scene_position=&#8221;center&#8221; text_color=&#8221;dark&#8221; text_align=&#8221;left&#8221; id=&#8221;bread-note&#8221; overlay_strength=&#8221;0.3&#8243; shape_divider_position=&#8221;bottom&#8221; bg_image_animation=&#8221;none&#8221; shape_type=&#8221;&#8221;][vc_column column_padding=&#8221;no-extra-padding&#8221; column_padding_position=&#8221;all&#8221; background_color_opacity=&#8221;1&#8243; background_hover_color_opacity=&#8221;1&#8243; column_link_target=&#8221;_self&#8221; column_shadow=&#8221;none&#8221; column_border_radius=&#8221;none&#8221; width=&#8221;1\/1&#8243; tablet_width_inherit=&#8221;default&#8221; tablet_text_alignment=&#8221;default&#8221; phone_text_alignment=&#8221;default&#8221; overlay_strength=&#8221;0.3&#8243; column_border_width=&#8221;none&#8221; column_border_style=&#8221;solid&#8221; bg_image_animation=&#8221;none&#8221;][divider line_type=&#8221;No Line&#8221; custom_height=&#8221;20&#8243;][vc_column_text&#8230;<\/p>\n","protected":false},"author":1,"featured_media":0,"parent":0,"menu_order":0,"comment_status":"closed","ping_status":"closed","template":"","meta":[],"yoast_head":"<!-- This site is optimized with the Yoast SEO plugin v21.1 - https:\/\/yoast.com\/wordpress\/plugins\/seo\/ -->\n<title>Os nossos produtos - Capricare Portugal HCP<\/title>\n<meta name=\"description\" content=\"Explore toda a gama de produtos Capricare: f\u00f3rmulas infantis de leite de cabra apoiadas por mais de 20 anos de experi\u00eancia e estudos cient\u00edficos. Os nossos produtos oferecem uma verdadeira alternativa \u00e0 f\u00f3rmula de leite de vaca.\" \/>\n<meta name=\"robots\" content=\"index, follow, max-snippet:-1, max-image-preview:large, max-video-preview:-1\" \/>\n<link rel=\"canonical\" href=\"https:\/\/www.capricare.pt\/hcp\/os-nossos-produtos\/\" \/>\n<meta property=\"og:locale\" content=\"en_US\" \/>\n<meta property=\"og:type\" content=\"article\" \/>\n<meta property=\"og:title\" content=\"Os nossos produtos - Capricare Portugal HCP\" \/>\n<meta property=\"og:description\" content=\"Explore toda a gama de produtos Capricare: f\u00f3rmulas infantis de leite de cabra apoiadas por mais de 20 anos de experi\u00eancia e estudos cient\u00edficos. Os nossos produtos oferecem uma verdadeira alternativa \u00e0 f\u00f3rmula de leite de vaca.\" \/>\n<meta property=\"og:url\" content=\"https:\/\/www.capricare.pt\/hcp\/os-nossos-produtos\/\" \/>\n<meta property=\"og:site_name\" content=\"Capricare Portugal HCP\" \/>\n<meta property=\"article:modified_time\" content=\"2022-01-18T01:20:02+00:00\" \/>\n<meta name=\"twitter:card\" content=\"summary_large_image\" \/>\n<meta name=\"twitter:label1\" content=\"Est. reading time\" \/>\n\t<meta name=\"twitter:data1\" content=\"8 minutes\" \/>\n<script type=\"application\/ld+json\" class=\"yoast-schema-graph\">{\"@context\":\"https:\/\/schema.org\",\"@graph\":[{\"@type\":\"WebPage\",\"@id\":\"https:\/\/www.capricare.pt\/hcp\/os-nossos-produtos\/\",\"url\":\"https:\/\/www.capricare.pt\/hcp\/os-nossos-produtos\/\",\"name\":\"Os nossos produtos - Capricare Portugal HCP\",\"isPartOf\":{\"@id\":\"https:\/\/www.capricare.pt\/hcp\/#website\"},\"datePublished\":\"2019-12-20T21:21:53+00:00\",\"dateModified\":\"2022-01-18T01:20:02+00:00\",\"description\":\"Explore toda a gama de produtos Capricare: f\u00f3rmulas infantis de leite de cabra apoiadas por mais de 20 anos de experi\u00eancia e estudos cient\u00edficos. Os nossos produtos oferecem uma verdadeira alternativa \u00e0 f\u00f3rmula de leite de vaca.\",\"breadcrumb\":{\"@id\":\"https:\/\/www.capricare.pt\/hcp\/os-nossos-produtos\/#breadcrumb\"},\"inLanguage\":\"en-NZ\",\"potentialAction\":[{\"@type\":\"ReadAction\",\"target\":[\"https:\/\/www.capricare.pt\/hcp\/os-nossos-produtos\/\"]}]},{\"@type\":\"BreadcrumbList\",\"@id\":\"https:\/\/www.capricare.pt\/hcp\/os-nossos-produtos\/#breadcrumb\",\"itemListElement\":[{\"@type\":\"ListItem\",\"position\":1,\"name\":\"Home\",\"item\":\"https:\/\/www.capricare.pt\/hcp\/\"},{\"@type\":\"ListItem\",\"position\":2,\"name\":\"Os nossos produtos\"}]},{\"@type\":\"WebSite\",\"@id\":\"https:\/\/www.capricare.pt\/hcp\/#website\",\"url\":\"https:\/\/www.capricare.pt\/hcp\/\",\"name\":\"Capricare Portugal HCP\",\"description\":\"\",\"potentialAction\":[{\"@type\":\"SearchAction\",\"target\":{\"@type\":\"EntryPoint\",\"urlTemplate\":\"https:\/\/www.capricare.pt\/hcp\/?s={search_term_string}\"},\"query-input\":\"required name=search_term_string\"}],\"inLanguage\":\"en-NZ\"}]}<\/script>\n<!-- \/ Yoast SEO plugin. -->","yoast_head_json":{"title":"Os nossos produtos - Capricare Portugal HCP","description":"Explore toda a gama de produtos Capricare: f\u00f3rmulas infantis de leite de cabra apoiadas por mais de 20 anos de experi\u00eancia e estudos cient\u00edficos. Os nossos produtos oferecem uma verdadeira alternativa \u00e0 f\u00f3rmula de leite de vaca.","robots":{"index":"index","follow":"follow","max-snippet":"max-snippet:-1","max-image-preview":"max-image-preview:large","max-video-preview":"max-video-preview:-1"},"canonical":"https:\/\/www.capricare.pt\/hcp\/os-nossos-produtos\/","og_locale":"en_US","og_type":"article","og_title":"Os nossos produtos - Capricare Portugal HCP","og_description":"Explore toda a gama de produtos Capricare: f\u00f3rmulas infantis de leite de cabra apoiadas por mais de 20 anos de experi\u00eancia e estudos cient\u00edficos. Os nossos produtos oferecem uma verdadeira alternativa \u00e0 f\u00f3rmula de leite de vaca.","og_url":"https:\/\/www.capricare.pt\/hcp\/os-nossos-produtos\/","og_site_name":"Capricare Portugal HCP","article_modified_time":"2022-01-18T01:20:02+00:00","twitter_card":"summary_large_image","twitter_misc":{"Est. reading time":"8 minutes"},"schema":{"@context":"https:\/\/schema.org","@graph":[{"@type":"WebPage","@id":"https:\/\/www.capricare.pt\/hcp\/os-nossos-produtos\/","url":"https:\/\/www.capricare.pt\/hcp\/os-nossos-produtos\/","name":"Os nossos produtos - Capricare Portugal HCP","isPartOf":{"@id":"https:\/\/www.capricare.pt\/hcp\/#website"},"datePublished":"2019-12-20T21:21:53+00:00","dateModified":"2022-01-18T01:20:02+00:00","description":"Explore toda a gama de produtos Capricare: f\u00f3rmulas infantis de leite de cabra apoiadas por mais de 20 anos de experi\u00eancia e estudos cient\u00edficos. Os nossos produtos oferecem uma verdadeira alternativa \u00e0 f\u00f3rmula de leite de vaca.","breadcrumb":{"@id":"https:\/\/www.capricare.pt\/hcp\/os-nossos-produtos\/#breadcrumb"},"inLanguage":"en-NZ","potentialAction":[{"@type":"ReadAction","target":["https:\/\/www.capricare.pt\/hcp\/os-nossos-produtos\/"]}]},{"@type":"BreadcrumbList","@id":"https:\/\/www.capricare.pt\/hcp\/os-nossos-produtos\/#breadcrumb","itemListElement":[{"@type":"ListItem","position":1,"name":"Home","item":"https:\/\/www.capricare.pt\/hcp\/"},{"@type":"ListItem","position":2,"name":"Os nossos produtos"}]},{"@type":"WebSite","@id":"https:\/\/www.capricare.pt\/hcp\/#website","url":"https:\/\/www.capricare.pt\/hcp\/","name":"Capricare Portugal HCP","description":"","potentialAction":[{"@type":"SearchAction","target":{"@type":"EntryPoint","urlTemplate":"https:\/\/www.capricare.pt\/hcp\/?s={search_term_string}"},"query-input":"required name=search_term_string"}],"inLanguage":"en-NZ"}]}},"_links":{"self":[{"href":"https:\/\/www.capricare.pt\/hcp\/wp-json\/wp\/v2\/pages\/14"}],"collection":[{"href":"https:\/\/www.capricare.pt\/hcp\/wp-json\/wp\/v2\/pages"}],"about":[{"href":"https:\/\/www.capricare.pt\/hcp\/wp-json\/wp\/v2\/types\/page"}],"author":[{"embeddable":true,"href":"https:\/\/www.capricare.pt\/hcp\/wp-json\/wp\/v2\/users\/1"}],"replies":[{"embeddable":true,"href":"https:\/\/www.capricare.pt\/hcp\/wp-json\/wp\/v2\/comments?post=14"}],"version-history":[{"count":67,"href":"https:\/\/www.capricare.pt\/hcp\/wp-json\/wp\/v2\/pages\/14\/revisions"}],"predecessor-version":[{"id":1156,"href":"https:\/\/www.capricare.pt\/hcp\/wp-json\/wp\/v2\/pages\/14\/revisions\/1156"}],"wp:attachment":[{"href":"https:\/\/www.capricare.pt\/hcp\/wp-json\/wp\/v2\/media?parent=14"}],"curies":[{"name":"wp","href":"https:\/\/api.w.org\/{rel}","templated":true}]}}